{"id":4208,"date":"2024-03-14T23:18:55","date_gmt":"2024-03-14T23:18:55","guid":{"rendered":"https:\/\/expresslumpers.com\/dites-bonjour\/"},"modified":"2025-07-04T14:10:39","modified_gmt":"2025-07-04T14:10:39","slug":"dites-bonjour","status":"publish","type":"page","link":"https:\/\/expresslumpers.com\/fr\/dites-bonjour\/","title":{"rendered":"Dites bonjour !"},"content":{"rendered":"\t\t<div data-elementor-type=\"wp-page\" data-elementor-id=\"4208\" class=\"elementor elementor-4208 elementor-1066\" data-elementor-post-type=\"page\">\n\t\t\t\t\t\t<section class=\"elementor-section elementor-top-section elementor-element elementor-element-45f563d1 elementor-section-stretched elementor-section-boxed elementor-section-height-default elementor-section-height-default\" data-id=\"45f563d1\" data-element_type=\"section\" data-e-type=\"section\" data-settings=\"{&quot;background_background&quot;:&quot;classic&quot;,&quot;background_motion_fx_motion_fx_scrolling&quot;:&quot;yes&quot;,&quot;background_motion_fx_scale_effect&quot;:&quot;yes&quot;,&quot;background_motion_fx_devices&quot;:[&quot;desktop&quot;],&quot;background_motion_fx_scale_direction&quot;:&quot;in-out-in&quot;,&quot;background_motion_fx_scale_range&quot;:{&quot;unit&quot;:&quot;%&quot;,&quot;size&quot;:&quot;&quot;,&quot;sizes&quot;:{&quot;start&quot;:&quot;21&quot;,&quot;end&quot;:&quot;76&quot;}},&quot;stretch_section&quot;:&quot;section-stretched&quot;,&quot;background_motion_fx_scale_speed&quot;:{&quot;unit&quot;:&quot;px&quot;,&quot;size&quot;:4,&quot;sizes&quot;:[]}}\">\n\t\t\t\t\t\t\t<div class=\"elementor-background-overlay\"><\/div>\n\t\t\t\t\t\t\t<div class=\"elementor-container elementor-column-gap-no\">\n\t\t\t\t\t<div class=\"elementor-column elementor-col-100 elementor-top-column elementor-element elementor-element-416b872\" data-id=\"416b872\" data-element_type=\"column\" data-e-type=\"column\">\n\t\t\t<div class=\"elementor-widget-wrap elementor-element-populated\">\n\t\t\t\t\t\t<div class=\"elementor-element elementor-element-21fb56f elementor-invisible elementor-widget elementor-widget-heading\" data-id=\"21fb56f\" data-element_type=\"widget\" data-e-type=\"widget\" data-settings=\"{&quot;_animation&quot;:&quot;fadeInUp&quot;}\" data-widget_type=\"heading.default\">\n\t\t\t\t<div class=\"elementor-widget-container\">\n\t\t\t\t\t<h1 class=\"elementor-heading-title elementor-size-default\">Nous sommes pr\u00eats \u00e0 am\u00e9liorer vos op\u00e9rations.  <br>Parlons-en !<\/h1>\t\t\t\t<\/div>\n\t\t\t\t<\/div>\n\t\t\t\t<div class=\"elementor-element elementor-element-27473e8 elementor-widget-divider--view-line elementor-widget elementor-widget-divider\" data-id=\"27473e8\" data-element_type=\"widget\" data-e-type=\"widget\" data-widget_type=\"divider.default\">\n\t\t\t\t<div class=\"elementor-widget-container\">\n\t\t\t\t\t\t\t<div class=\"elementor-divider\">\n\t\t\t<span class=\"elementor-divider-separator\">\n\t\t\t\t\t\t<\/span>\n\t\t<\/div>\n\t\t\t\t\t\t<\/div>\n\t\t\t\t<\/div>\n\t\t\t\t\t<\/div>\n\t\t<\/div>\n\t\t\t\t\t<\/div>\n\t\t<\/section>\n\t\t\t\t<section class=\"elementor-section elementor-top-section elementor-element elementor-element-7e3e61c elementor-section-full_width elementor-section-height-default elementor-section-height-default\" data-id=\"7e3e61c\" data-element_type=\"section\" data-e-type=\"section\" data-settings=\"{&quot;background_background&quot;:&quot;classic&quot;}\">\n\t\t\t\t\t\t\t<div class=\"elementor-background-overlay\"><\/div>\n\t\t\t\t\t\t\t<div class=\"elementor-container elementor-column-gap-no\">\n\t\t\t\t\t<div class=\"elementor-column elementor-col-100 elementor-top-column elementor-element elementor-element-53ac1d7\" data-id=\"53ac1d7\" data-element_type=\"column\" data-e-type=\"column\">\n\t\t\t<div class=\"elementor-widget-wrap elementor-element-populated\">\n\t\t\t\t\t\t<section class=\"elementor-section elementor-inner-section elementor-element elementor-element-4b84d8c elementor-section-content-middle elementor-section-boxed elementor-section-height-default elementor-section-height-default\" data-id=\"4b84d8c\" data-element_type=\"section\" data-e-type=\"section\">\n\t\t\t\t\t\t<div class=\"elementor-container elementor-column-gap-no\">\n\t\t\t\t\t<div class=\"elementor-column elementor-col-50 elementor-inner-column elementor-element elementor-element-38b9107\" data-id=\"38b9107\" data-element_type=\"column\" data-e-type=\"column\">\n\t\t\t<div class=\"elementor-widget-wrap elementor-element-populated\">\n\t\t\t\t\t\t<div class=\"elementor-element elementor-element-72a9bdd elementor-widget elementor-widget-image\" data-id=\"72a9bdd\" data-element_type=\"widget\" data-e-type=\"widget\" data-widget_type=\"image.default\">\n\t\t\t\t<div class=\"elementor-widget-container\">\n\t\t\t\t\t\t\t\t\t\t\t\t\t\t\t<img fetchpriority=\"high\" decoding=\"async\" width=\"720\" height=\"541\" src=\"https:\/\/expresslumpers.com\/wp-content\/uploads\/2024\/03\/contact-img.jpg\" class=\"attachment-full size-full wp-image-3990\" alt=\"contact-img\" srcset=\"https:\/\/expresslumpers.com\/wp-content\/uploads\/2024\/03\/contact-img.jpg 720w, https:\/\/expresslumpers.com\/wp-content\/uploads\/2024\/03\/contact-img-300x225.jpg 300w\" sizes=\"(max-width: 720px) 100vw, 720px\" \/>\t\t\t\t\t\t\t\t\t\t\t\t\t\t\t<\/div>\n\t\t\t\t<\/div>\n\t\t\t\t\t<\/div>\n\t\t<\/div>\n\t\t\t\t<div class=\"elementor-column elementor-col-50 elementor-inner-column elementor-element elementor-element-0828cc6\" data-id=\"0828cc6\" data-element_type=\"column\" data-e-type=\"column\">\n\t\t\t<div class=\"elementor-widget-wrap elementor-element-populated\">\n\t\t\t\t\t\t<div class=\"elementor-element elementor-element-ae3affd elementor-invisible elementor-widget elementor-widget-heading\" data-id=\"ae3affd\" data-element_type=\"widget\" data-e-type=\"widget\" data-settings=\"{&quot;_animation&quot;:&quot;fadeInLeft&quot;}\" data-widget_type=\"heading.default\">\n\t\t\t\t<div class=\"elementor-widget-container\">\n\t\t\t\t\t<h2 class=\"elementor-heading-title elementor-size-default\">CONTACTEZ-NOUS<\/h2>\t\t\t\t<\/div>\n\t\t\t\t<\/div>\n\t\t\t\t<div class=\"elementor-element elementor-element-c2d8b0c elementor-widget-divider--view-line elementor-widget elementor-widget-divider\" data-id=\"c2d8b0c\" data-element_type=\"widget\" data-e-type=\"widget\" data-widget_type=\"divider.default\">\n\t\t\t\t<div class=\"elementor-widget-container\">\n\t\t\t\t\t\t\t<div class=\"elementor-divider\">\n\t\t\t<span class=\"elementor-divider-separator\">\n\t\t\t\t\t\t<\/span>\n\t\t<\/div>\n\t\t\t\t\t\t<\/div>\n\t\t\t\t<\/div>\n\t\t\t\t<div class=\"elementor-element elementor-element-ded7e34 elementor-widget elementor-widget-html\" data-id=\"ded7e34\" data-element_type=\"widget\" data-e-type=\"widget\" data-widget_type=\"html.default\">\n\t\t\t\t<div class=\"elementor-widget-container\">\n\t\t\t\t\t<script async src=\"https:\/\/www.vbt.io\/ext\/vbtforms.js?lang=en\" charset=\"utf-8\"><\/script><div id=\"vbtEFWrapper-136802\"><div class=\"vboutEmbedFormBox\" id=\"vboutEmbedFormBox-136802\" data-vbtfc=\"5239d60f07279e14fdb279ec70e026a1\"><\/div><\/div><style>#vboutEmbedForm-136802 > fieldset > div:nth-child(3){\n        display: none !important;\n    }\n<\/style>\t\t\t\t<\/div>\n\t\t\t\t<\/div>\n\t\t\t\t\t<\/div>\n\t\t<\/div>\n\t\t\t\t\t<\/div>\n\t\t<\/section>\n\t\t\t\t\t<\/div>\n\t\t<\/div>\n\t\t\t\t\t<\/div>\n\t\t<\/section>\n\t\t\t\t<section class=\"elementor-section elementor-top-section elementor-element elementor-element-0c9cb67 elementor-section-full_width elementor-section-height-default elementor-section-height-default\" data-id=\"0c9cb67\" data-element_type=\"section\" data-e-type=\"section\" data-settings=\"{&quot;background_background&quot;:&quot;classic&quot;}\">\n\t\t\t\t\t\t\t<div class=\"elementor-background-overlay\"><\/div>\n\t\t\t\t\t\t\t<div class=\"elementor-container elementor-column-gap-no\">\n\t\t\t\t\t<div class=\"elementor-column elementor-col-100 elementor-top-column elementor-element elementor-element-b125ea2\" data-id=\"b125ea2\" data-element_type=\"column\" data-e-type=\"column\">\n\t\t\t<div class=\"elementor-widget-wrap elementor-element-populated\">\n\t\t\t\t\t\t<div class=\"elementor-element elementor-element-cadf78a elementor-widget elementor-widget-google_maps\" data-id=\"cadf78a\" data-element_type=\"widget\" data-e-type=\"widget\" data-widget_type=\"google_maps.default\">\n\t\t\t\t<div class=\"elementor-widget-container\">\n\t\t\t\t\t\t\t<div class=\"elementor-custom-embed\">\n\t\t\t<iframe loading=\"lazy\"\n\t\t\t\t\tsrc=\"https:\/\/maps.google.com\/maps?q=9850%20King%20George%20Blvd%20Suite%20300%2C%20Surrey%2C%20BC%20V3T%204Y3&#038;t=m&#038;z=10&#038;output=embed&#038;iwloc=near\"\n\t\t\t\t\ttitle=\"9850 King George Blvd Suite 300, Surrey, BC V3T 4Y3\"\n\t\t\t\t\taria-label=\"9850 King George Blvd Suite 300, Surrey, BC V3T 4Y3\"\n\t\t\t><\/iframe>\n\t\t<\/div>\n\t\t\t\t\t\t<\/div>\n\t\t\t\t<\/div>\n\t\t\t\t\t<\/div>\n\t\t<\/div>\n\t\t\t\t\t<\/div>\n\t\t<\/section>\n\t\t\t\t<\/div>\n\t\t","protected":false},"excerpt":{"rendered":"<p>Nous sommes pr\u00eats \u00e0 am\u00e9liorer vos op\u00e9rations. Parlons-en ! CONTACTEZ-NOUS<\/p>\n","protected":false},"author":2,"featured_media":0,"parent":0,"menu_order":0,"comment_status":"closed","ping_status":"closed","template":"elementor_header_footer","meta":{"site-sidebar-layout":"no-sidebar","site-content-layout":"","ast-site-content-layout":"full-width-container","site-content-style":"default","site-sidebar-style":"default","ast-global-header-display":"","ast-banner-title-visibility":"","ast-main-header-display":"","ast-hfb-above-header-display":"","ast-hfb-below-header-display":"","ast-hfb-mobile-header-display":"","site-post-title":"disabled","ast-breadcrumbs-content":"","ast-featured-img":"disabled","footer-sml-layout":"","ast-disable-related-posts":"","theme-transparent-header-meta":"default","adv-header-id-meta":"","stick-header-meta":"","header-above-stick-meta":"","header-main-stick-meta":"","header-below-stick-meta":"","astra-migrate-meta-layouts":"default","ast-page-background-enabled":"default","ast-page-background-meta":{"desktop":{"background-color":"var(--ast-global-color-4)","background-image":"","background-repeat":"repeat","background-position":"center center","background-size":"auto","background-attachment":"scroll","background-type":"","background-media":"","overlay-type":"","overlay-color":"","overlay-opacity":"","overlay-gradient":""},"tablet":{"background-color":"","background-image":"","background-repeat":"repeat","background-position":"center center","background-size":"auto","background-attachment":"scroll","background-type":"","background-media":"","overlay-type":"","overlay-color":"","overlay-opacity":"","overlay-gradient":""},"mobile":{"background-color":"","background-image":"","background-repeat":"repeat","background-position":"center center","background-size":"auto","background-attachment":"scroll","background-type":"","background-media":"","overlay-type":"","overlay-color":"","overlay-opacity":"","overlay-gradient":""}},"ast-content-background-meta":{"desktop":{"background-color":"var(--ast-global-color-5)","background-image":"","background-repeat":"repeat","background-position":"center center","background-size":"auto","background-attachment":"scroll","background-type":"","background-media":"","overlay-type":"","overlay-color":"","overlay-opacity":"","overlay-gradient":""},"tablet":{"background-color":"var(--ast-global-color-5)","background-image":"","background-repeat":"repeat","background-position":"center center","background-size":"auto","background-attachment":"scroll","background-type":"","background-media":"","overlay-type":"","overlay-color":"","overlay-opacity":"","overlay-gradient":""},"mobile":{"background-color":"var(--ast-global-color-5)","background-image":"","background-repeat":"repeat","background-position":"center center","background-size":"auto","background-attachment":"scroll","background-type":"","background-media":"","overlay-type":"","overlay-color":"","overlay-opacity":"","overlay-gradient":""}},"footnotes":""},"class_list":["post-4208","page","type-page","status-publish","hentry"],"yoast_head":"<!-- This site is optimized with the Yoast SEO plugin v27.4 - https:\/\/yoast.com\/product\/yoast-seo-wordpress\/ -->\n<title>Express Lumpers Say Hi - Page de contact<\/title>\n<meta name=\"description\" content=\"Express Lumpers Ceci est la page de contact du site web de notre organisation. Vous pouvez facilement remplir le formulaire et commander nos services. Dites bonjour maintenant.\" \/>\n<meta name=\"robots\" content=\"index, follow, max-snippet:-1, max-image-preview:large, max-video-preview:-1\" \/>\n<link rel=\"canonical\" href=\"https:\/\/expresslumpers.com\/fr\/dites-bonjour\/\" \/>\n<meta property=\"og:locale\" content=\"fr_FR\" \/>\n<meta property=\"og:type\" content=\"article\" \/>\n<meta property=\"og:title\" content=\"Express Lumpers Say Hi - Page de contact\" \/>\n<meta property=\"og:description\" content=\"Express Lumpers Ceci est la page de contact du site web de notre organisation. Vous pouvez facilement remplir le formulaire et commander nos services. Dites bonjour maintenant.\" \/>\n<meta property=\"og:url\" content=\"https:\/\/expresslumpers.com\/fr\/dites-bonjour\/\" \/>\n<meta property=\"og:site_name\" content=\"Express Lumpers\" \/>\n<meta property=\"article:modified_time\" content=\"2025-07-04T14:10:39+00:00\" \/>\n<meta property=\"og:image\" content=\"https:\/\/expresslumpers.com\/wp-content\/uploads\/2024\/03\/contact-img.jpg\" \/>\n<meta name=\"twitter:card\" content=\"summary_large_image\" \/>\n<script type=\"application\/ld+json\" class=\"yoast-schema-graph\">{\"@context\":\"https:\\\/\\\/schema.org\",\"@graph\":[{\"@type\":\"WebPage\",\"@id\":\"https:\\\/\\\/expresslumpers.com\\\/fr\\\/dites-bonjour\\\/\",\"url\":\"https:\\\/\\\/expresslumpers.com\\\/fr\\\/dites-bonjour\\\/\",\"name\":\"Express Lumpers Say Hi - Page de contact\",\"isPartOf\":{\"@id\":\"https:\\\/\\\/expresslumpers.com\\\/fr\\\/#website\"},\"primaryImageOfPage\":{\"@id\":\"https:\\\/\\\/expresslumpers.com\\\/fr\\\/dites-bonjour\\\/#primaryimage\"},\"image\":{\"@id\":\"https:\\\/\\\/expresslumpers.com\\\/fr\\\/dites-bonjour\\\/#primaryimage\"},\"thumbnailUrl\":\"https:\\\/\\\/expresslumpers.com\\\/wp-content\\\/uploads\\\/2024\\\/03\\\/contact-img.jpg\",\"datePublished\":\"2024-03-14T23:18:55+00:00\",\"dateModified\":\"2025-07-04T14:10:39+00:00\",\"description\":\"Express Lumpers Ceci est la page de contact du site web de notre organisation. Vous pouvez facilement remplir le formulaire et commander nos services. Dites bonjour maintenant.\",\"breadcrumb\":{\"@id\":\"https:\\\/\\\/expresslumpers.com\\\/fr\\\/dites-bonjour\\\/#breadcrumb\"},\"inLanguage\":\"fr-FR\",\"potentialAction\":[{\"@type\":\"ReadAction\",\"target\":[\"https:\\\/\\\/expresslumpers.com\\\/fr\\\/dites-bonjour\\\/\"]}]},{\"@type\":\"ImageObject\",\"inLanguage\":\"fr-FR\",\"@id\":\"https:\\\/\\\/expresslumpers.com\\\/fr\\\/dites-bonjour\\\/#primaryimage\",\"url\":\"https:\\\/\\\/expresslumpers.com\\\/wp-content\\\/uploads\\\/2024\\\/03\\\/contact-img.jpg\",\"contentUrl\":\"https:\\\/\\\/expresslumpers.com\\\/wp-content\\\/uploads\\\/2024\\\/03\\\/contact-img.jpg\"},{\"@type\":\"BreadcrumbList\",\"@id\":\"https:\\\/\\\/expresslumpers.com\\\/fr\\\/dites-bonjour\\\/#breadcrumb\",\"itemListElement\":[{\"@type\":\"ListItem\",\"position\":1,\"name\":\"Home\",\"item\":\"https:\\\/\\\/expresslumpers.com\\\/fr\\\/embauchez-des-services-dabattage-fiables-et-efficaces-au-canada\\\/\"},{\"@type\":\"ListItem\",\"position\":2,\"name\":\"Dites bonjour !\"}]},{\"@type\":\"WebSite\",\"@id\":\"https:\\\/\\\/expresslumpers.com\\\/fr\\\/#website\",\"url\":\"https:\\\/\\\/expresslumpers.com\\\/fr\\\/\",\"name\":\"Express Lumper\",\"description\":\"\",\"publisher\":{\"@id\":\"https:\\\/\\\/expresslumpers.com\\\/fr\\\/#organization\"},\"potentialAction\":[{\"@type\":\"SearchAction\",\"target\":{\"@type\":\"EntryPoint\",\"urlTemplate\":\"https:\\\/\\\/expresslumpers.com\\\/fr\\\/?s={search_term_string}\"},\"query-input\":{\"@type\":\"PropertyValueSpecification\",\"valueRequired\":true,\"valueName\":\"search_term_string\"}}],\"inLanguage\":\"fr-FR\"},{\"@type\":\"Organization\",\"@id\":\"https:\\\/\\\/expresslumpers.com\\\/fr\\\/#organization\",\"name\":\"Express Lumper\",\"url\":\"https:\\\/\\\/expresslumpers.com\\\/fr\\\/\",\"logo\":{\"@type\":\"ImageObject\",\"inLanguage\":\"fr-FR\",\"@id\":\"https:\\\/\\\/expresslumpers.com\\\/fr\\\/#\\\/schema\\\/logo\\\/image\\\/\",\"url\":\"https:\\\/\\\/expresslumpers.com\\\/wp-content\\\/uploads\\\/2024\\\/02\\\/logo.png\",\"contentUrl\":\"https:\\\/\\\/expresslumpers.com\\\/wp-content\\\/uploads\\\/2024\\\/02\\\/logo.png\",\"width\":1234,\"height\":283,\"caption\":\"Express Lumper\"},\"image\":{\"@id\":\"https:\\\/\\\/expresslumpers.com\\\/fr\\\/#\\\/schema\\\/logo\\\/image\\\/\"}}]}<\/script>\n<!-- \/ Yoast SEO plugin. -->","yoast_head_json":{"title":"Express Lumpers Say Hi - Page de contact","description":"Express Lumpers Ceci est la page de contact du site web de notre organisation. Vous pouvez facilement remplir le formulaire et commander nos services. Dites bonjour maintenant.","robots":{"index":"index","follow":"follow","max-snippet":"max-snippet:-1","max-image-preview":"max-image-preview:large","max-video-preview":"max-video-preview:-1"},"canonical":"https:\/\/expresslumpers.com\/fr\/dites-bonjour\/","og_locale":"fr_FR","og_type":"article","og_title":"Express Lumpers Say Hi - Page de contact","og_description":"Express Lumpers Ceci est la page de contact du site web de notre organisation. Vous pouvez facilement remplir le formulaire et commander nos services. Dites bonjour maintenant.","og_url":"https:\/\/expresslumpers.com\/fr\/dites-bonjour\/","og_site_name":"Express Lumpers","article_modified_time":"2025-07-04T14:10:39+00:00","og_image":[{"url":"https:\/\/expresslumpers.com\/wp-content\/uploads\/2024\/03\/contact-img.jpg","type":"","width":"","height":""}],"twitter_card":"summary_large_image","schema":{"@context":"https:\/\/schema.org","@graph":[{"@type":"WebPage","@id":"https:\/\/expresslumpers.com\/fr\/dites-bonjour\/","url":"https:\/\/expresslumpers.com\/fr\/dites-bonjour\/","name":"Express Lumpers Say Hi - Page de contact","isPartOf":{"@id":"https:\/\/expresslumpers.com\/fr\/#website"},"primaryImageOfPage":{"@id":"https:\/\/expresslumpers.com\/fr\/dites-bonjour\/#primaryimage"},"image":{"@id":"https:\/\/expresslumpers.com\/fr\/dites-bonjour\/#primaryimage"},"thumbnailUrl":"https:\/\/expresslumpers.com\/wp-content\/uploads\/2024\/03\/contact-img.jpg","datePublished":"2024-03-14T23:18:55+00:00","dateModified":"2025-07-04T14:10:39+00:00","description":"Express Lumpers Ceci est la page de contact du site web de notre organisation. Vous pouvez facilement remplir le formulaire et commander nos services. Dites bonjour maintenant.","breadcrumb":{"@id":"https:\/\/expresslumpers.com\/fr\/dites-bonjour\/#breadcrumb"},"inLanguage":"fr-FR","potentialAction":[{"@type":"ReadAction","target":["https:\/\/expresslumpers.com\/fr\/dites-bonjour\/"]}]},{"@type":"ImageObject","inLanguage":"fr-FR","@id":"https:\/\/expresslumpers.com\/fr\/dites-bonjour\/#primaryimage","url":"https:\/\/expresslumpers.com\/wp-content\/uploads\/2024\/03\/contact-img.jpg","contentUrl":"https:\/\/expresslumpers.com\/wp-content\/uploads\/2024\/03\/contact-img.jpg"},{"@type":"BreadcrumbList","@id":"https:\/\/expresslumpers.com\/fr\/dites-bonjour\/#breadcrumb","itemListElement":[{"@type":"ListItem","position":1,"name":"Home","item":"https:\/\/expresslumpers.com\/fr\/embauchez-des-services-dabattage-fiables-et-efficaces-au-canada\/"},{"@type":"ListItem","position":2,"name":"Dites bonjour !"}]},{"@type":"WebSite","@id":"https:\/\/expresslumpers.com\/fr\/#website","url":"https:\/\/expresslumpers.com\/fr\/","name":"Express Lumper","description":"","publisher":{"@id":"https:\/\/expresslumpers.com\/fr\/#organization"},"potentialAction":[{"@type":"SearchAction","target":{"@type":"EntryPoint","urlTemplate":"https:\/\/expresslumpers.com\/fr\/?s={search_term_string}"},"query-input":{"@type":"PropertyValueSpecification","valueRequired":true,"valueName":"search_term_string"}}],"inLanguage":"fr-FR"},{"@type":"Organization","@id":"https:\/\/expresslumpers.com\/fr\/#organization","name":"Express Lumper","url":"https:\/\/expresslumpers.com\/fr\/","logo":{"@type":"ImageObject","inLanguage":"fr-FR","@id":"https:\/\/expresslumpers.com\/fr\/#\/schema\/logo\/image\/","url":"https:\/\/expresslumpers.com\/wp-content\/uploads\/2024\/02\/logo.png","contentUrl":"https:\/\/expresslumpers.com\/wp-content\/uploads\/2024\/02\/logo.png","width":1234,"height":283,"caption":"Express Lumper"},"image":{"@id":"https:\/\/expresslumpers.com\/fr\/#\/schema\/logo\/image\/"}}]}},"_links":{"self":[{"href":"https:\/\/expresslumpers.com\/fr\/wp-json\/wp\/v2\/pages\/4208","targetHints":{"allow":["GET"]}}],"collection":[{"href":"https:\/\/expresslumpers.com\/fr\/wp-json\/wp\/v2\/pages"}],"about":[{"href":"https:\/\/expresslumpers.com\/fr\/wp-json\/wp\/v2\/types\/page"}],"author":[{"embeddable":true,"href":"https:\/\/expresslumpers.com\/fr\/wp-json\/wp\/v2\/users\/2"}],"replies":[{"embeddable":true,"href":"https:\/\/expresslumpers.com\/fr\/wp-json\/wp\/v2\/comments?post=4208"}],"version-history":[{"count":2,"href":"https:\/\/expresslumpers.com\/fr\/wp-json\/wp\/v2\/pages\/4208\/revisions"}],"predecessor-version":[{"id":4210,"href":"https:\/\/expresslumpers.com\/fr\/wp-json\/wp\/v2\/pages\/4208\/revisions\/4210"}],"wp:attachment":[{"href":"https:\/\/expresslumpers.com\/fr\/wp-json\/wp\/v2\/media?parent=4208"}],"curies":[{"name":"wp","href":"https:\/\/api.w.org\/{rel}","templated":true}]}}